{"id":3609,"date":"2016-11-21T17:48:54","date_gmt":"2016-11-21T16:48:54","guid":{"rendered":"http:\/\/www.1752signaturewines.com\/qui-sommes-nous\/?lang=en"},"modified":"2020-06-17T11:54:21","modified_gmt":"2020-06-17T09:54:21","slug":"who-we-are","status":"publish","type":"page","link":"https:\/\/www.1752signaturewines.com\/en\/who-we-are\/","title":{"rendered":"Who we are"},"content":{"rendered":"","protected":false},"excerpt":{"rendered":"<p>N\u00e9 en 2015, avec pour objectif de permettre \u00e0 une s\u00e9lection de Domaines et Ch\u00e2teaux partenaires de se d\u00e9velopper sur les march\u00e9s du grand export, 1752 Wines offre aujourd\u2019hui \u00e0 ses clients distributeurs l\u2019occasion de proposer aux consommateurs du monde entier des vins fran\u00e7ais, encore jamais commercialis\u00e9s dans leurs pays.<\/p>\n","protected":false},"author":1,"featured_media":0,"parent":0,"menu_order":0,"comment_status":"closed","ping_status":"closed","template":"","meta":[],"_links":{"self":[{"href":"https:\/\/www.1752signaturewines.com\/en\/wp-json\/wp\/v2\/pages\/3609"}],"collection":[{"href":"https:\/\/www.1752signaturewines.com\/en\/wp-json\/wp\/v2\/pages"}],"about":[{"href":"https:\/\/www.1752signaturewines.com\/en\/wp-json\/wp\/v2\/types\/page"}],"author":[{"embeddable":true,"href":"https:\/\/www.1752signaturewines.com\/en\/wp-json\/wp\/v2\/users\/1"}],"replies":[{"embeddable":true,"href":"https:\/\/www.1752signaturewines.com\/en\/wp-json\/wp\/v2\/comments?post=3609"}],"version-history":[{"count":1,"href":"https:\/\/www.1752signaturewines.com\/en\/wp-json\/wp\/v2\/pages\/3609\/revisions"}],"predecessor-version":[{"id":4878,"href":"https:\/\/www.1752signaturewines.com\/en\/wp-json\/wp\/v2\/pages\/3609\/revisions\/4878"}],"wp:attachment":[{"href":"https:\/\/www.1752signaturewines.com\/en\/wp-json\/wp\/v2\/media?parent=3609"}],"curies":[{"name":"wp","href":"https:\/\/api.w.org\/{rel}","templated":true}]}}