{"id":2796,"date":"2017-01-03T15:07:44","date_gmt":"2017-01-03T14:07:44","guid":{"rendered":"http:\/\/www.1752signaturewines.com\/vins-vignobles\/domaines-chateaux\/domaine-des-tourterelles\/?lang=en"},"modified":"2017-03-08T14:59:18","modified_gmt":"2017-03-08T13:59:18","slug":"domaine-des-tourterelles","status":"publish","type":"page","link":"https:\/\/www.1752signaturewines.com\/en\/wines-vineyards\/domaines-chateaux\/domaine-des-tourterelles\/","title":{"rendered":"Domaine des Tourterelles"},"content":{"rendered":"<p>[vc_row][vc_column][rev_slider_vc alias=&#8221;domaine-tourterelles&#8221;][\/vc_column][\/vc_row][vc_row][vc_column]<div id=\"domaine_test\" class=\"sc_call_to_action sc_call_to_action_style_1 sc_call_to_action_align_center sc_no_image\" style=\"margin-top:75px;width:100%;\"><div class=\"sc_call_to_action_info\"><h2 class=\"sc_call_to_action_title sc_item_title\">Burgundy<\/h2><\/div><\/div>[\/vc_column][\/vc_row][vc_row][vc_column width=&#8221;1\/2&#8243; el_class=&#8221;titre_vallee&#8221;]<div id=\"vallee_rhone\" class=\"sc_call_to_action sc_call_to_action_style_1 sc_call_to_action_align_left sc_no_image\" style=\"margin-top:135px;width:100%;\"><div class=\"sc_call_to_action_info\"><div class=\"sc_call_to_action_descr sc_item_descr\"><em>One estate, two families, a shared passion<\/em><br \/>\n<strong>Since 1946, two families united by a common passion have cultivated their vines that span two appellations: M\u00e2con-Villages and Vir\u00e9-Cless\u00e9. <\/strong>\n<p>They grow at an altitude of around 400metres, with an ideal  East, South East orientation, resulting in wines that are rich and structured.<br \/>\n<\/p><\/div><\/div><\/div>[\/vc_column][vc_column width=&#8221;1\/2&#8243; css=&#8221;.vc_custom_1482225419112{margin-top: 50px !important;}&#8221;][vc_raw_html]JTNDZGl2JTIwaWQlM0QlMjdjYXJ0ZV9kb21haW5lJTI3JTNFJTBBJTNDaW1nJTIwc3JjJTNEJTIyJTJGd3AtY29udGVudCUyRnVwbG9hZHMlMkYyMDE3JTJGMDIlMkZjYXJ0ZS1kb21haW5lLWRlcy10b3VydGVyZWxsZXMucG5nJTIyJTIwYWx0JTNEJTIyQ2FydGUlMjBkb21haW5lJTIwZGVzJTIwdG91cnRlcmVsbGVzJTIyJTIwJTJGJTNFJTBBJTNDJTJGZGl2JTNF[\/vc_raw_html][\/vc_column][\/vc_row][vc_row full_width=&#8221;stretch_row&#8221; el_class=&#8221;domaines_chateaux_saveur&#8221; css=&#8221;.vc_custom_1482226856308{margin-top: 90px !important;}&#8221;][vc_column]<div id=\"vigneron\" class=\"sc_call_to_action sc_call_to_action_style_1 sc_call_to_action_align_center sc_no_image\" style=\"margin-top:70px;width:100%;\"><div class=\"sc_call_to_action_info\"><h2 class=\"sc_call_to_action_title sc_item_title\">Winemaker\u2019s words<\/h2>[vc_raw_html css=&#8221;.vc_custom_1488464797229{margin-top: 50px !important;}&#8221;]JTNDZGl2JTIwY2xhc3MlM0QlMjJwaG90b190ZXN0aW1vbmlhbCUyMGNvbHVtbi0xXzUlMjIlM0UlMEElM0NpbWclMjBzcmMlM0QlMjIlMkZ3cC1jb250ZW50JTJGdXBsb2FkcyUyRjIwMTclMkYwMSUyRnZpZ25lcm9uLURvbWFpbmUtZGVzLVRvdXJ0ZXJlbGxlcy5wbmclMjIlMjBhbHQlM0QlMjJwaG90byUyMHRlc3RpbW9uaWFsJTIyJTIwJTJGJTNFJTBBJTNDJTJGZGl2JTNFJTBBJTNDZGl2JTIwY2xhc3MlM0QlMjJjaXRhdGlvbiUyMGNvbHVtbi01XzUlMjIlM0UlMEElM0NkaXYlMjBjbGFzcyUzRCUyMnBpY3RvX2NpdGF0aW9uJTIyJTNFJTBBJTNDcCUzRSUzQ2ltZyUyMHNyYyUzRCUyMiUyRndwLWNvbnRlbnQlMkZ1cGxvYWRzJTJGMjAxNiUyRjEyJTJGY2l0YXRpb24ucG5nJTIyJTIwYWx0JTNEJTIycGljdG8lMjBjaXRhdGlvbiUyMiUyMCUyRiUzRSUzQyUyRnAlM0UlMEElM0MlMkZkaXYlM0UlMEElM0NkaXYlM0UlMEElM0NwJTIwY2xhc3MlM0QlMjJ0ZXh0ZV9jaXRhdGlvbiUyMiUzRU91ciUyMGN1bHRpdmF0aW9uJTIwbWV0aG9kcyUyMGFyZSUyMG1vZGVybiUyQyUyMGJ1dCUyMHJlYXNvbmVkJTJDJTIwd2l0aCUyMG1hbmFnZWQlMjBuYXR1cmFsJTIwZ3Jhc3MlMjBjb3Zlci4lMjBXZSUyMGxpbWl0JTIwdHJlYXRtZW50JTIwb2YlMjB0aGUlMjB2aW5lcyUyMHRvJTIwdGhlJTIwc3RyaWN0JTIwbWluaW11bSUyQyUyMHVzaW5nJTIwcHJvZHVjdHMlMjB0aGF0JTIwYXJlJTIwdGhlJTIwbGVhc3QlMjBoYXJtZnVsJTIwdG8lMjB0aGUlMjBlbnZpcm9ubWVudC4lM0MlMkZwJTNFJTBBJTNDJTJGZGl2JTNFJTBBJTNDJTJGZGl2JTNF[\/vc_raw_html]<\/div><\/div>[\/vc_column][\/vc_row][vc_row][vc_column]<div id=\"vin_domaine\" class=\"sc_call_to_action sc_call_to_action_style_1 sc_call_to_action_align_center sc_no_image\" style=\"margin-top:80px;margin-bottom:60px;width:100%;\"><div class=\"sc_call_to_action_info\"><h2 class=\"sc_call_to_action_title sc_item_title\">The wines of the Domaine<\/h2><\/div><\/div>[\/vc_column][\/vc_row][vc_row][vc_column width=&#8221;1\/2&#8243;][vc_raw_html]JTNDaDQlMjBjbGFzcyUzRCUyMnZhbGxlZSUyMiUzRUJ1cmd1bmR5JTNDJTJGaDQlM0UlMEE=[\/vc_raw_html]<div id=\"sc_call_to_action_500559306\" class=\"sc_call_to_action sc_call_to_action_style_1 sc_call_to_action_align_center fiche_technique sc_no_image\" style=\"width:100%;\"><div class=\"sc_call_to_action_info\"><div class=\"sc_call_to_action_descr sc_item_descr\">AOP M\u00e2con Villages (white)<\/div><div class=\"sc_call_to_action_buttons sc_item_buttons \"><div class=\"sc_call_to_action_button sc_item_button\"><a href=\"https:\/\/www.1752signaturewines.com\/wp-content\/uploads\/2017\/03\/Domaine-des-tourterelles-Macon-Villages_US-1.pdf\" class=\"sc_button sc_button_square sc_button_style_filled sc_button_size_small  sc_button_iconed icon-right\">PRODUCT SHEET<\/a><\/div><\/div><\/div><\/div><div id=\"sc_call_to_action_896479441\" class=\"sc_call_to_action sc_call_to_action_style_1 sc_call_to_action_align_center fiche_technique sc_no_image\" style=\"width:100%;\"><div class=\"sc_call_to_action_info\"><div class=\"sc_call_to_action_descr sc_item_descr\">AOP Vir\u00e9 Cless\u00e9 \u2013 Terroir de l\u2019Epinet (white)<\/div><div class=\"sc_call_to_action_buttons sc_item_buttons \"><div class=\"sc_call_to_action_button sc_item_button\"><a href=\"https:\/\/www.1752signaturewines.com\/wp-content\/uploads\/2017\/03\/Domaine-des-tourterelles-Vir\u00e9-Cless\u00e9-Epinets_US-1.pdf\" class=\"sc_button sc_button_square sc_button_style_filled sc_button_size_small  sc_button_iconed icon-right\">PRODUCT SHEET<\/a><\/div><\/div><\/div><\/div>[\/vc_column][vc_column width=&#8221;1\/2&#8243;][vc_raw_html css=&#8221;.vc_custom_1483692393571{margin-bottom: 100px !important;}&#8221;]JTNDZGl2JTIwY2xhc3MlM0QlMjJwaG90b192aW5fZG9tYWluZSUyMiUzRSUwQSUzQ2ltZyUyMHNyYyUzRCUyMmh0dHAlM0ElMkYlMkZzaWduYXR1cmV3aW5lcy5jb20tdG8tY29kZS5jb20lMkZ3cC1jb250ZW50JTJGdXBsb2FkcyUyRjIwMTclMkYwMSUyRlBhY2tzaG90X1RvdXJ0ZXJlbGxlcy5qcGclMjIlMjBhbHQlM0QlMjJwaG90byUyMGJvdXRlaWxsZXMlMjIlMjAlMkYlM0UlMEElM0MlMkZkaXYlM0U=[\/vc_raw_html][\/vc_column][\/vc_row]<\/p>\n","protected":false},"excerpt":{"rendered":"<p>[vc_row][vc_column][rev_slider_vc alias=&#8221;domaine-tourterelles&#8221;][\/vc_column][\/vc_row][vc_row][vc_column][\/vc_column][\/vc_row][vc_row][vc_column width=&#8221;1\/2&#8243; el_class=&#8221;titre_vallee&#8221;][\/vc_column][vc_column width=&#8221;1\/2&#8243; css=&#8221;.vc_custom_1482225419112{margin-top: 50px !important;}&#8221;][vc_raw_html]JTNDZGl2JTIwaWQlM0QlMjdjYXJ0ZV9kb21haW5lJTI3JTNFJTBBJTNDaW1nJTIwc3JjJTNEJTIyJTJGd3AtY29udGVudCUyRnVwbG9hZHMlMkYyMDE3JTJGMDIlMkZjYXJ0ZS1kb21haW5lLWRlcy10b3VydGVyZWxsZXMucG5nJTIyJTIwYWx0JTNEJTIyQ2FydGUlMjBkb21haW5lJTIwZGVzJTIwdG91cnRlcmVsbGVzJTIyJTIwJTJGJTNFJTBBJTNDJTJGZGl2JTNF[\/vc_raw_html][\/vc_column][\/vc_row][vc_row full_width=&#8221;stretch_row&#8221; el_class=&#8221;domaines_chateaux_saveur&#8221; css=&#8221;.vc_custom_1482226856308{margin-top: 90px !important;}&#8221;][vc_column][\/vc_column][\/vc_row][vc_row][vc_column][\/vc_column][\/vc_row][vc_row][vc_column width=&#8221;1\/2&#8243;][vc_raw_html]JTNDaDQlMjBjbGFzcyUzRCUyMnZhbGxlZSUyMiUzRUJ1cmd1bmR5JTNDJTJGaDQlM0UlMEE=[\/vc_raw_html][\/vc_column][vc_column width=&#8221;1\/2&#8243;][vc_raw_html css=&#8221;.vc_custom_1483692393571{margin-bottom: 100px !important;}&#8221;]JTNDZGl2JTIwY2xhc3MlM0QlMjJwaG90b192aW5fZG9tYWluZSUyMiUzRSUwQSUzQ2ltZyUyMHNyYyUzRCUyMmh0dHAlM0ElMkYlMkZzaWduYXR1cmV3aW5lcy5jb20tdG8tY29kZS5jb20lMkZ3cC1jb250ZW50JTJGdXBsb2FkcyUyRjIwMTclMkYwMSUyRlBhY2tzaG90X1RvdXJ0ZXJlbGxlcy5qcGclMjIlMjBhbHQlM0QlMjJwaG90byUyMGJvdXRlaWxsZXMlMjIlMjAlMkYlM0UlMEElM0MlMkZkaXYlM0U=[\/vc_raw_html][\/vc_column][\/vc_row]<\/p>\n","protected":false},"author":2,"featured_media":0,"parent":2343,"menu_order":0,"comment_status":"closed","ping_status":"closed","template":"","meta":[],"_links":{"self":[{"href":"https:\/\/www.1752signaturewines.com\/en\/wp-json\/wp\/v2\/pages\/2796"}],"collection":[{"href":"https:\/\/www.1752signaturewines.com\/en\/wp-json\/wp\/v2\/pages"}],"about":[{"href":"https:\/\/www.1752signaturewines.com\/en\/wp-json\/wp\/v2\/types\/page"}],"author":[{"embeddable":true,"href":"https:\/\/www.1752signaturewines.com\/en\/wp-json\/wp\/v2\/users\/2"}],"replies":[{"embeddable":true,"href":"https:\/\/www.1752signaturewines.com\/en\/wp-json\/wp\/v2\/comments?post=2796"}],"version-history":[{"count":0,"href":"https:\/\/www.1752signaturewines.com\/en\/wp-json\/wp\/v2\/pages\/2796\/revisions"}],"up":[{"embeddable":true,"href":"https:\/\/www.1752signaturewines.com\/en\/wp-json\/wp\/v2\/pages\/2343"}],"wp:attachment":[{"href":"https:\/\/www.1752signaturewines.com\/en\/wp-json\/wp\/v2\/media?parent=2796"}],"curies":[{"name":"wp","href":"https:\/\/api.w.org\/{rel}","templated":true}]}}