{"id":2339,"date":"2016-11-22T08:56:09","date_gmt":"2016-11-22T07:56:09","guid":{"rendered":"http:\/\/www.1752signaturewines.com\/nos-autres-gammes\/?lang=en"},"modified":"2017-03-07T15:23:36","modified_gmt":"2017-03-07T14:23:36","slug":"our-other-ranges","status":"publish","type":"page","link":"https:\/\/www.1752signaturewines.com\/en\/wines-vineyards\/our-other-ranges\/","title":{"rendered":"Our other ranges"},"content":{"rendered":"<p>[vc_row][vc_column width=&#8221;2\/3&#8243;]<div id=\"rare-wines\" class=\"sc_call_to_action sc_call_to_action_style_1 sc_call_to_action_align_left engagement sc_no_image\" style=\"margin-top:50px;width:100%;\"><div class=\"sc_call_to_action_info\"><h2 class=\"sc_call_to_action_title sc_item_title\">Rare wines<\/h2><\/div><\/div><div id=\"sc_call_to_action_381331762\" class=\"sc_call_to_action sc_call_to_action_style_1 sc_call_to_action_align_left talent sc_no_image\" style=\"width:100%;\"><div class=\"sc_call_to_action_info\"><div class=\"sc_call_to_action_descr sc_item_descr\">Thanks to the close links that we have established with French wine producers over many years, we have access to allocations of prestigious appellations and limited production cuvees. The <strong>Hospices de Beaune, AOP C\u00f4te R\u00f4tie or Condrieu<\/strong> are amongst the appellations from which we are able to select wines for you that are rare, sought after and renowned over the world.<\/div><\/div><\/div>[\/vc_column][vc_column width=&#8221;1\/3&#8243;]<figure class=\"sc_image  alignright sc_image_shape_square\" style=\"margin-top:70px !important;width:150%;height:150%;\"><img src=\"https:\/\/www.1752signaturewines.com\/wp-content\/uploads\/2016\/11\/InterRhone_cave2_\u00a9-Thomas-OBrien.jpg\" alt=\"\" \/><\/figure>[\/vc_column][\/vc_row][vc_row][vc_column width=&#8221;1\/3&#8243;]<figure class=\"sc_image  alignright sc_image_shape_square\" style=\"margin-top:70px !important;width:150%;height:150%;\"><img src=\"https:\/\/www.1752signaturewines.com\/wp-content\/uploads\/2016\/11\/Madame-Veuve-Point-3.jpg\" alt=\"\" \/><\/figure>[\/vc_column][vc_column width=&#8221;2\/3&#8243;]<div id=\"madame-veuve-point\" class=\"sc_call_to_action sc_call_to_action_style_1 sc_call_to_action_align_left engagement sc_no_image\" style=\"margin-top:50px;width:100%;\"><div class=\"sc_call_to_action_info\"><h2 class=\"sc_call_to_action_title sc_item_title\">Madame Veuve Point<\/h2><\/div><\/div><div id=\"sc_call_to_action_722703388\" class=\"sc_call_to_action sc_call_to_action_style_1 sc_call_to_action_align_left talent sc_no_image\" style=\"margin-bottom:70px;width:100%;\"><div class=\"sc_call_to_action_info\"><div class=\"sc_call_to_action_descr sc_item_descr\">Madame Veuve Point\u2019s wines are produced, aged and bottled in BEAUNE, with the same vision :<br \/>\nsucceeding with HUMBLE EXCELLENCE !<br \/>\nFrom the C\u00f4te de Nuit to the M\u00e2connais and the C\u00f4te Chalonnaise, all the Madame Veuve Point wines are <strong>produced in Beaune with the respect of Burgundy traditions.<\/strong>\n<p>To know more about Madame Veuve Point, please visit the website: <a class='vins_bourgogne_link' href='http:\/\/www.madameveuvepoint.com\/' target='blank'>madameveuvepoint.com<\/a><\/p><\/div><\/div><\/div>[\/vc_column][\/vc_row][vc_row][vc_column width=&#8221;2\/3&#8243;]<div id=\"tailor-made-wines\" class=\"sc_call_to_action sc_call_to_action_style_1 sc_call_to_action_align_left engagement sc_no_image\" style=\"margin-top:50px;width:100%;\"><div class=\"sc_call_to_action_info\"><h2 class=\"sc_call_to_action_title sc_item_title\">Tailor made wines<\/h2><\/div><\/div><div id=\"sc_call_to_action_1656068532\" class=\"sc_call_to_action sc_call_to_action_style_1 sc_call_to_action_align_left talent sc_no_image\" style=\"margin-bottom:90px;width:100%;\"><div class=\"sc_call_to_action_info\"><div class=\"sc_call_to_action_descr sc_item_descr\">We establish your specifications charter in concertation with you to <strong>define the contours of your wine creation project<\/strong>. From our palette of partner winegrowers we select the one who will produce the wine that corresponds perfectly to your project, and then ensure quality control from the cellar to on-site bottling. We also accompany you in your product marketing with graphic identity and packaging (bottles, labels\u2026), with our marketing department being fully implicated in the creative process associated with the conception of your wine.<\/div><\/div><\/div>[\/vc_column][vc_column width=&#8221;1\/3&#8243;]<figure class=\"sc_image  alignright sc_image_shape_square\" style=\"margin-top:70px !important;margin-bottom:70px !important;width:150%;height:150%;\"><img src=\"https:\/\/www.1752signaturewines.com\/wp-content\/uploads\/2016\/11\/Vins-sur-mesure-2.jpg\" alt=\"\" \/><\/figure>[\/vc_column][\/vc_row]<\/p>\n","protected":false},"excerpt":{"rendered":"<p>[vc_row][vc_column width=&#8221;2\/3&#8243;][\/vc_column][vc_column width=&#8221;1\/3&#8243;][\/vc_column][\/vc_row][vc_row][vc_column width=&#8221;1\/3&#8243;][\/vc_column][vc_column width=&#8221;2\/3&#8243;][\/vc_column][\/vc_row][vc_row][vc_column width=&#8221;2\/3&#8243;][\/vc_column][vc_column width=&#8221;1\/3&#8243;][\/vc_column][\/vc_row]<\/p>\n","protected":false},"author":1,"featured_media":0,"parent":2676,"menu_order":0,"comment_status":"closed","ping_status":"closed","template":"","meta":[],"_links":{"self":[{"href":"https:\/\/www.1752signaturewines.com\/en\/wp-json\/wp\/v2\/pages\/2339"}],"collection":[{"href":"https:\/\/www.1752signaturewines.com\/en\/wp-json\/wp\/v2\/pages"}],"about":[{"href":"https:\/\/www.1752signaturewines.com\/en\/wp-json\/wp\/v2\/types\/page"}],"author":[{"embeddable":true,"href":"https:\/\/www.1752signaturewines.com\/en\/wp-json\/wp\/v2\/users\/1"}],"replies":[{"embeddable":true,"href":"https:\/\/www.1752signaturewines.com\/en\/wp-json\/wp\/v2\/comments?post=2339"}],"version-history":[{"count":0,"href":"https:\/\/www.1752signaturewines.com\/en\/wp-json\/wp\/v2\/pages\/2339\/revisions"}],"up":[{"embeddable":true,"href":"https:\/\/www.1752signaturewines.com\/en\/wp-json\/wp\/v2\/pages\/2676"}],"wp:attachment":[{"href":"https:\/\/www.1752signaturewines.com\/en\/wp-json\/wp\/v2\/media?parent=2339"}],"curies":[{"name":"wp","href":"https:\/\/api.w.org\/{rel}","templated":true}]}}